{"id":2,"date":"2016-03-30T20:39:59","date_gmt":"2016-03-30T18:39:59","guid":{"rendered":""},"modified":"2025-06-25T09:23:15","modified_gmt":"2025-06-25T07:23:15","slug":"beispiel-seite","status":"publish","type":"page","link":"https:\/\/www.was-will-ich.at\/","title":{"rendered":"l\u00f6sungsorientiert und wertsch\u00e4tzend"},"content":{"rendered":"<h4 style=\"text-align: center;\"><span style=\"font-family: Helvetica;\"><span style=\"color: #800000;\">Wer<\/span><span style=\"color: #800000;\"> glaubt, in einer Situation nur zwei M\u00f6glichkeiten zu haben, <\/span><\/span><\/h4>\n<h4 style=\"text-align: center;\"><span style=\"font-family: Helvetica;\"><span style=\"color: #800000;\">hat mindestens drei \u00fcbersehen.<\/span><\/span><\/h4>\n<h5 style=\"text-align: center;\"><span style=\"color: #800000; font-family: Helvetica;\"><em>Matthias Varga von Kib\u00e9d<\/em><\/span><\/h5>\n<h4><span style=\"font-family: Helvetica;\">\u00a0<\/span><\/h4>\n<h4><span style=\"font-family: Helvetica;\">\u00a0<\/span><\/h4>\n<h4 style=\"text-align: center;\"><span style=\"color: #000000; font-family: Helvetica;\">Gewaltfreie Kommunikation\u00a0<\/span><\/h4>\n<h4 style=\"text-align: center;\"><span style=\"color: #000000; font-family: Helvetica;\">Kollegiale Beratung<\/span><\/h4>\n<h4 style=\"text-align: center;\"><span style=\"color: #000000; font-family: Helvetica;\">Berufungscoaching\u00a0\u00a0<\/span><\/h4>\n<h4 style=\"text-align: center;\"><span style=\"font-family: Helvetica;\">Gespr\u00e4chsvorbereitung<\/span><\/h4>\n<h4 style=\"text-align: center;\"><\/h4>\n","protected":false},"excerpt":{"rendered":"<p>Wer glaubt, in einer Situation nur zwei M\u00f6glichkeiten zu haben, hat mindestens drei \u00fcbersehen. Matthias Varga von Kib\u00e9d \u00a0 \u00a0 Gewaltfreie Kommunikation\u00a0 Kollegiale Beratung Berufungscoaching\u00a0\u00a0 Gespr\u00e4chsvorbereitung<\/p>\n","protected":false},"author":1,"featured_media":30,"parent":0,"menu_order":0,"comment_status":"closed","ping_status":"open","template":"","meta":{"footnotes":""},"class_list":["post-2","page","type-page","status-publish","has-post-thumbnail","hentry"],"wppr_data":{"cwp_meta_box_check":"No"},"_links":{"self":[{"href":"https:\/\/www.was-will-ich.at\/index.php?rest_route=\/wp\/v2\/pages\/2","targetHints":{"allow":["GET"]}}],"collection":[{"href":"https:\/\/www.was-will-ich.at\/index.php?rest_route=\/wp\/v2\/pages"}],"about":[{"href":"https:\/\/www.was-will-ich.at\/index.php?rest_route=\/wp\/v2\/types\/page"}],"author":[{"embeddable":true,"href":"https:\/\/www.was-will-ich.at\/index.php?rest_route=\/wp\/v2\/users\/1"}],"replies":[{"embeddable":true,"href":"https:\/\/www.was-will-ich.at\/index.php?rest_route=%2Fwp%2Fv2%2Fcomments&post=2"}],"version-history":[{"count":51,"href":"https:\/\/www.was-will-ich.at\/index.php?rest_route=\/wp\/v2\/pages\/2\/revisions"}],"predecessor-version":[{"id":735,"href":"https:\/\/www.was-will-ich.at\/index.php?rest_route=\/wp\/v2\/pages\/2\/revisions\/735"}],"wp:featuredmedia":[{"embeddable":true,"href":"https:\/\/www.was-will-ich.at\/index.php?rest_route=\/wp\/v2\/media\/30"}],"wp:attachment":[{"href":"https:\/\/www.was-will-ich.at\/index.php?rest_route=%2Fwp%2Fv2%2Fmedia&parent=2"}],"curies":[{"name":"wp","href":"https:\/\/api.w.org\/{rel}","templated":true}]}}